{"id":4,"date":"2014-06-29T16:28:57","date_gmt":"2014-06-29T14:28:57","guid":{"rendered":"http:\/\/blumenhammerle.at\/?page_id=4"},"modified":"2015-07-08T07:09:49","modified_gmt":"2015-07-08T05:09:49","slug":"4-2","status":"publish","type":"page","link":"https:\/\/blumenhammerle.at\/","title":{"rendered":"."},"content":{"rendered":"<p><img class=\"aligncenter\" src=\"http:\/\/www.blumenhammerle.at\/trans.gif\" alt=\"\" \/><\/p>\n<h5 style=\"text-align: center;\">Gr\u00fc\u00df Gott und Willkommen bei Blumen Hammerle!<\/h5>\n<p style=\"text-align: center;\">Die Firma Blumen Hammerle ist seit Juli 2014 geschlossen.<br \/>\nKurt Hammerle mit Familie und MitarbeiterInnen danken Ihnen herzlich f\u00fcr das<br \/>\nentgegengebrachte Vertrauen und langj\u00e4hrige Kundentreue.<br \/>\nWir w\u00fcnschen Ihnen eine sch\u00f6ne Zeit!<img loading=\"lazy\" class=\"aligncenter\" src=\"images\/blumenhammerle.jpg\" alt=\"Blumen Hammerle\" width=\"397\" height=\"247\" align=\"middle\" \/><\/p>\n<div align=\"center\">\n<p style=\"text-align: center;\"><img loading=\"lazy\" src=\"kalender_2014.gif\" alt=\"Kalender 2013\" width=\"141\" height=\"151\" align=\"middle\" border=\"2\" \/><\/p>\n<\/div>\n","protected":false},"excerpt":{"rendered":"<p>Gr\u00fc\u00df Gott und Willkommen bei Blumen Hammerle! Die Firma Blumen Hammerle ist seit Juli 2014 geschlossen. Kurt Hammerle mit Familie und MitarbeiterInnen danken Ihnen herzlich f\u00fcr das entgegengebrachte Vertrauen und langj\u00e4hrige Kundentreue. Wir w\u00fcnschen Ihnen eine sch\u00f6ne Zeit!<\/p>\n","protected":false},"author":3,"featured_media":0,"parent":0,"menu_order":0,"comment_status":"closed","ping_status":"closed","template":"","meta":[],"_links":{"self":[{"href":"https:\/\/blumenhammerle.at\/index.php?rest_route=\/wp\/v2\/pages\/4"}],"collection":[{"href":"https:\/\/blumenhammerle.at\/index.php?rest_route=\/wp\/v2\/pages"}],"about":[{"href":"https:\/\/blumenhammerle.at\/index.php?rest_route=\/wp\/v2\/types\/page"}],"author":[{"embeddable":true,"href":"https:\/\/blumenhammerle.at\/index.php?rest_route=\/wp\/v2\/users\/3"}],"replies":[{"embeddable":true,"href":"https:\/\/blumenhammerle.at\/index.php?rest_route=%2Fwp%2Fv2%2Fcomments&post=4"}],"version-history":[{"count":7,"href":"https:\/\/blumenhammerle.at\/index.php?rest_route=\/wp\/v2\/pages\/4\/revisions"}],"predecessor-version":[{"id":36,"href":"https:\/\/blumenhammerle.at\/index.php?rest_route=\/wp\/v2\/pages\/4\/revisions\/36"}],"wp:attachment":[{"href":"https:\/\/blumenhammerle.at\/index.php?rest_route=%2Fwp%2Fv2%2Fmedia&parent=4"}],"curies":[{"name":"wp","href":"https:\/\/api.w.org\/{rel}","templated":true}]}}